{"id":50,"date":"2019-08-16T10:49:34","date_gmt":"2019-08-16T08:49:34","guid":{"rendered":"http:\/\/www.ermisa.no\/?page_id=50"},"modified":"2019-08-16T10:49:34","modified_gmt":"2019-08-16T08:49:34","slug":"om-ove","status":"publish","type":"page","link":"https:\/\/oveharderfinseth.no\/","title":{"rendered":"Om Ove"},"content":{"rendered":"\n<a id=\"om_ove\"><\/a><a id=\"content\"><\/a>\n\n\n\n<h2 class=\"menu-scroll-down wp-block-heading\">Utdanning<\/h2>\n\n\n\n<p>Ove Harder Finseth er utdannet ved Institutt for kl\u00e6r og kostyme ved Kunsth\u00f8gskolen i Oslo, avdeling Statens h\u00e5ndverks- og kunstindustriskole. Han har ogs\u00e5 diplom fra couture-skolen Ecole de la Chambre Syndicale de la Couture i Paris. Finseth har jobbet som designer siden 1990 og etablerte sitt eget merke, \u00abOve Harder Finseth\u00bb, i 1998.<\/p>\n\n\n\n<p>Finseth leverer ikke tradisjonelle kolleksjoner, men lager bestillingsverk for enkeltkunder samt kl\u00e6r som kunst til utstillinger. Han er innkj\u00f8pt en rekke ganger av kunstinstitusjoner i Norge og utlandet og har hatt utstillinger i mange land.<\/p>\n\n\n\n<h2 class=\"wp-block-heading\">Stil og inspirasjon<\/h2>\n\n\n\n<p>Ove Harder Finseth har en klassisk stil og jobber mye med materialer og detaljer. Han henter inspirasjon blant annet fra drakthistorien og naturen. Han elsker \u00e5 brodere og bearbeider stoffene slik at plaggene blir unike. Alle kunder skal f\u00f8le at de f\u00e5r noe som bare er deres, og bes\u00f8kende til utstillinger skal f\u00e5 unike opplevelser.<\/p>\n\n\n\n<p>Finseth lager alt kunden har bruk for, fra dagligdagse drakter til brude- og selskapskjoler. Han er mest kjent som designeren bak H.K.H. Kronprinsesse Mette-Marits brudekjole, og designer mange antrekk til sine kunder for store anledninger.<\/p>\n","protected":false},"excerpt":{"rendered":"<p>Utdanning Ove Harder Finseth er utdannet ved Institutt for kl\u00e6r og kostyme ved Kunsth\u00f8gskolen i Oslo, avdeling Statens h\u00e5ndverks- og kunstindustriskole. Han har ogs\u00e5 diplom fra couture-skolen Ecole de la Chambre Syndicale de la Couture i Paris. Finseth har jobbet som designer siden 1990 og etablerte sitt eget merke, \u00abOve Harder Finseth\u00bb, i 1998. Finseth &hellip; <\/p>\n<p class=\"link-more\"><a href=\"https:\/\/oveharderfinseth.no\/\" class=\"more-link\">Fortsett \u00e5 lese<span class=\"screen-reader-text\"> \u00abOm Ove\u00bb<\/span><\/a><\/p>\n","protected":false},"author":1,"featured_media":81,"parent":0,"menu_order":0,"comment_status":"closed","ping_status":"closed","template":"","meta":{"footnotes":""},"class_list":["post-50","page","type-page","status-publish","has-post-thumbnail","hentry"],"yoast_head":"<!-- This site is optimized with the Yoast SEO plugin v21.8 - https:\/\/yoast.com\/wordpress\/plugins\/seo\/ -->\n<title>Om Ove - Ove Harder Finseth<\/title>\n<meta name=\"robots\" content=\"index, follow, max-snippet:-1, max-image-preview:large, max-video-preview:-1\" \/>\n<link rel=\"canonical\" href=\"https:\/\/oveharderfinseth.no\/\" \/>\n<meta property=\"og:locale\" content=\"nb_NO\" \/>\n<meta property=\"og:type\" content=\"article\" \/>\n<meta property=\"og:title\" content=\"Om Ove - Ove Harder Finseth\" \/>\n<meta property=\"og:description\" content=\"Utdanning Ove Harder Finseth er utdannet ved Institutt for kl\u00e6r og kostyme ved Kunsth\u00f8gskolen i Oslo, avdeling Statens h\u00e5ndverks- og kunstindustriskole. Han har ogs\u00e5 diplom fra couture-skolen Ecole de la Chambre Syndicale de la Couture i Paris. Finseth har jobbet som designer siden 1990 og etablerte sitt eget merke, \u00abOve Harder Finseth\u00bb, i 1998. Finseth &hellip; Fortsett \u00e5 lese \u00abOm Ove\u00bb\" \/>\n<meta property=\"og:url\" content=\"https:\/\/oveharderfinseth.no\/\" \/>\n<meta property=\"og:site_name\" content=\"Ove Harder Finseth\" \/>\n<meta name=\"twitter:card\" content=\"summary_large_image\" \/>\n<meta name=\"twitter:label1\" content=\"Ansl. lesetid\" \/>\n\t<meta name=\"twitter:data1\" content=\"1 minutt\" \/>\n<script type=\"application\/ld+json\" class=\"yoast-schema-graph\">{\"@context\":\"https:\/\/schema.org\",\"@graph\":[{\"@type\":\"WebPage\",\"@id\":\"https:\/\/oveharderfinseth.no\/\",\"url\":\"https:\/\/oveharderfinseth.no\/\",\"name\":\"Om Ove - Ove Harder Finseth\",\"isPartOf\":{\"@id\":\"https:\/\/oveharderfinseth.no\/#website\"},\"datePublished\":\"2019-08-16T08:49:34+00:00\",\"dateModified\":\"2019-08-16T08:49:34+00:00\",\"breadcrumb\":{\"@id\":\"https:\/\/oveharderfinseth.no\/#breadcrumb\"},\"inLanguage\":\"nb-NO\",\"potentialAction\":[{\"@type\":\"ReadAction\",\"target\":[\"https:\/\/oveharderfinseth.no\/\"]}]},{\"@type\":\"BreadcrumbList\",\"@id\":\"https:\/\/oveharderfinseth.no\/#breadcrumb\",\"itemListElement\":[{\"@type\":\"ListItem\",\"position\":1,\"name\":\"Hjem\",\"item\":\"https:\/\/oveharderfinseth.no\/\"},{\"@type\":\"ListItem\",\"position\":2,\"name\":\"Om Ove\"}]},{\"@type\":\"WebSite\",\"@id\":\"https:\/\/oveharderfinseth.no\/#website\",\"url\":\"https:\/\/oveharderfinseth.no\/\",\"name\":\"Ove Harder Finseth\",\"description\":\"Designer\",\"publisher\":{\"@id\":\"https:\/\/oveharderfinseth.no\/#organization\"},\"potentialAction\":[{\"@type\":\"SearchAction\",\"target\":{\"@type\":\"EntryPoint\",\"urlTemplate\":\"https:\/\/oveharderfinseth.no\/?s={search_term_string}\"},\"query-input\":\"required name=search_term_string\"}],\"inLanguage\":\"nb-NO\"},{\"@type\":\"Organization\",\"@id\":\"https:\/\/oveharderfinseth.no\/#organization\",\"name\":\"Ove Harder Finseth\",\"url\":\"https:\/\/oveharderfinseth.no\/\",\"logo\":{\"@type\":\"ImageObject\",\"inLanguage\":\"nb-NO\",\"@id\":\"https:\/\/oveharderfinseth.no\/#\/schema\/logo\/image\/\",\"url\":\"https:\/\/oveharderfinseth.no\/wp-content\/uploads\/2023\/09\/cropped-cropped-logo.png\",\"contentUrl\":\"https:\/\/oveharderfinseth.no\/wp-content\/uploads\/2023\/09\/cropped-cropped-logo.png\",\"width\":1265,\"height\":250,\"caption\":\"Ove Harder Finseth\"},\"image\":{\"@id\":\"https:\/\/oveharderfinseth.no\/#\/schema\/logo\/image\/\"}}]}<\/script>\n<!-- \/ Yoast SEO plugin. -->","yoast_head_json":{"title":"Om Ove - Ove Harder Finseth","robots":{"index":"index","follow":"follow","max-snippet":"max-snippet:-1","max-image-preview":"max-image-preview:large","max-video-preview":"max-video-preview:-1"},"canonical":"https:\/\/oveharderfinseth.no\/","og_locale":"nb_NO","og_type":"article","og_title":"Om Ove - Ove Harder Finseth","og_description":"Utdanning Ove Harder Finseth er utdannet ved Institutt for kl\u00e6r og kostyme ved Kunsth\u00f8gskolen i Oslo, avdeling Statens h\u00e5ndverks- og kunstindustriskole. Han har ogs\u00e5 diplom fra couture-skolen Ecole de la Chambre Syndicale de la Couture i Paris. Finseth har jobbet som designer siden 1990 og etablerte sitt eget merke, \u00abOve Harder Finseth\u00bb, i 1998. Finseth &hellip; Fortsett \u00e5 lese \u00abOm Ove\u00bb","og_url":"https:\/\/oveharderfinseth.no\/","og_site_name":"Ove Harder Finseth","twitter_card":"summary_large_image","twitter_misc":{"Ansl. lesetid":"1 minutt"},"schema":{"@context":"https:\/\/schema.org","@graph":[{"@type":"WebPage","@id":"https:\/\/oveharderfinseth.no\/","url":"https:\/\/oveharderfinseth.no\/","name":"Om Ove - Ove Harder Finseth","isPartOf":{"@id":"https:\/\/oveharderfinseth.no\/#website"},"datePublished":"2019-08-16T08:49:34+00:00","dateModified":"2019-08-16T08:49:34+00:00","breadcrumb":{"@id":"https:\/\/oveharderfinseth.no\/#breadcrumb"},"inLanguage":"nb-NO","potentialAction":[{"@type":"ReadAction","target":["https:\/\/oveharderfinseth.no\/"]}]},{"@type":"BreadcrumbList","@id":"https:\/\/oveharderfinseth.no\/#breadcrumb","itemListElement":[{"@type":"ListItem","position":1,"name":"Hjem","item":"https:\/\/oveharderfinseth.no\/"},{"@type":"ListItem","position":2,"name":"Om Ove"}]},{"@type":"WebSite","@id":"https:\/\/oveharderfinseth.no\/#website","url":"https:\/\/oveharderfinseth.no\/","name":"Ove Harder Finseth","description":"Designer","publisher":{"@id":"https:\/\/oveharderfinseth.no\/#organization"},"potentialAction":[{"@type":"SearchAction","target":{"@type":"EntryPoint","urlTemplate":"https:\/\/oveharderfinseth.no\/?s={search_term_string}"},"query-input":"required name=search_term_string"}],"inLanguage":"nb-NO"},{"@type":"Organization","@id":"https:\/\/oveharderfinseth.no\/#organization","name":"Ove Harder Finseth","url":"https:\/\/oveharderfinseth.no\/","logo":{"@type":"ImageObject","inLanguage":"nb-NO","@id":"https:\/\/oveharderfinseth.no\/#\/schema\/logo\/image\/","url":"https:\/\/oveharderfinseth.no\/wp-content\/uploads\/2023\/09\/cropped-cropped-logo.png","contentUrl":"https:\/\/oveharderfinseth.no\/wp-content\/uploads\/2023\/09\/cropped-cropped-logo.png","width":1265,"height":250,"caption":"Ove Harder Finseth"},"image":{"@id":"https:\/\/oveharderfinseth.no\/#\/schema\/logo\/image\/"}}]}},"_links":{"self":[{"href":"https:\/\/oveharderfinseth.no\/index.php\/wp-json\/wp\/v2\/pages\/50","targetHints":{"allow":["GET"]}}],"collection":[{"href":"https:\/\/oveharderfinseth.no\/index.php\/wp-json\/wp\/v2\/pages"}],"about":[{"href":"https:\/\/oveharderfinseth.no\/index.php\/wp-json\/wp\/v2\/types\/page"}],"author":[{"embeddable":true,"href":"https:\/\/oveharderfinseth.no\/index.php\/wp-json\/wp\/v2\/users\/1"}],"replies":[{"embeddable":true,"href":"https:\/\/oveharderfinseth.no\/index.php\/wp-json\/wp\/v2\/comments?post=50"}],"version-history":[{"count":0,"href":"https:\/\/oveharderfinseth.no\/index.php\/wp-json\/wp\/v2\/pages\/50\/revisions"}],"wp:featuredmedia":[{"embeddable":true,"href":"https:\/\/oveharderfinseth.no\/index.php\/wp-json\/wp\/v2\/media\/81"}],"wp:attachment":[{"href":"https:\/\/oveharderfinseth.no\/index.php\/wp-json\/wp\/v2\/media?parent=50"}],"curies":[{"name":"wp","href":"https:\/\/api.w.org\/{rel}","templated":true}]}}