{"id":74,"date":"2019-08-16T11:09:49","date_gmt":"2019-08-16T09:09:49","guid":{"rendered":"http:\/\/www.ermisa.no\/?page_id=74"},"modified":"2019-08-16T11:09:49","modified_gmt":"2019-08-16T09:09:49","slug":"kontakt","status":"publish","type":"page","link":"https:\/\/oveharderfinseth.no\/index.php\/kontakt\/","title":{"rendered":"Kontakt"},"content":{"rendered":"\n<b id=\"kontakt\"><\/b>\n\n\n\n<h2 class=\"wp-block-heading\">Atelier<\/h2>\n\n\n\n<p>Ove Harder Finseth<br>Boltel\u00f8kka All\u00e9 10 &#8211; inngang fra Ullev\u00e5lsveien<br>0454 Oslo<\/p>\n\n\n\n<p><a href=\"https:\/\/www.google.com\/maps\/place\/Boltel%C3%B8kka+all%C3%A9+10,+0454+Oslo,+Norge\/@59.9291084,10.7373629,440m\/data=!3m1!1e3!4m5!3m4!1s0x46416e76c19b5fa5:0x1e68e74a3af5279d!8m2!3d59.9291031!4d10.7376454\" target=\"_blank\" rel=\"noreferrer noopener\">Vis et st\u00f8rre kart<\/a><\/p>\n\n\n\n<h2 class=\"wp-block-heading\">Kontaktinformasjon<\/h2>\n\n\n\n<p>Mobiltlf.: 411 02 227<\/p>\n\n\n\n<p>E-post:&nbsp;<a href=\"mailto:ove@oveharderfinseth.no\">ove@oveharderfinseth.no<\/a><\/p>\n\n\n\n<p>F\u00f8lg <a href=\"http:\/\/www.facebook.com\/OveHarderFinsethDesign\">Ove p\u00e5 Facebook<\/a><\/p>\n","protected":false},"excerpt":{"rendered":"<p>Atelier Ove Harder FinsethBoltel\u00f8kka All\u00e9 10 &#8211; inngang fra Ullev\u00e5lsveien0454 Oslo Vis et st\u00f8rre kart Kontaktinformasjon Mobiltlf.: 411 02 227 E-post:&nbsp;ove@oveharderfinseth.no F\u00f8lg Ove p\u00e5 Facebook<\/p>\n","protected":false},"author":1,"featured_media":113,"parent":0,"menu_order":0,"comment_status":"closed","ping_status":"closed","template":"","meta":{"footnotes":""},"class_list":["post-74","page","type-page","status-publish","has-post-thumbnail","hentry"],"yoast_head":"<!-- This site is optimized with the Yoast SEO plugin v21.8 - https:\/\/yoast.com\/wordpress\/plugins\/seo\/ -->\n<title>Kontakt - Ove Harder Finseth<\/title>\n<meta name=\"robots\" content=\"index, follow, max-snippet:-1, max-image-preview:large, max-video-preview:-1\" \/>\n<link rel=\"canonical\" href=\"https:\/\/oveharderfinseth.no\/index.php\/kontakt\/\" \/>\n<meta property=\"og:locale\" content=\"nb_NO\" \/>\n<meta property=\"og:type\" content=\"article\" \/>\n<meta property=\"og:title\" content=\"Kontakt - Ove Harder Finseth\" \/>\n<meta property=\"og:description\" content=\"Atelier Ove Harder FinsethBoltel\u00f8kka All\u00e9 10 &#8211; inngang fra Ullev\u00e5lsveien0454 Oslo Vis et st\u00f8rre kart Kontaktinformasjon Mobiltlf.: 411 02 227 E-post:&nbsp;ove@oveharderfinseth.no F\u00f8lg Ove p\u00e5 Facebook\" \/>\n<meta property=\"og:url\" content=\"https:\/\/oveharderfinseth.no\/index.php\/kontakt\/\" \/>\n<meta property=\"og:site_name\" content=\"Ove Harder Finseth\" \/>\n<meta name=\"twitter:card\" content=\"summary_large_image\" \/>\n<script type=\"application\/ld+json\" class=\"yoast-schema-graph\">{\"@context\":\"https:\/\/schema.org\",\"@graph\":[{\"@type\":\"WebPage\",\"@id\":\"https:\/\/oveharderfinseth.no\/index.php\/kontakt\/\",\"url\":\"https:\/\/oveharderfinseth.no\/index.php\/kontakt\/\",\"name\":\"Kontakt - Ove Harder Finseth\",\"isPartOf\":{\"@id\":\"https:\/\/oveharderfinseth.no\/#website\"},\"datePublished\":\"2019-08-16T09:09:49+00:00\",\"dateModified\":\"2019-08-16T09:09:49+00:00\",\"breadcrumb\":{\"@id\":\"https:\/\/oveharderfinseth.no\/index.php\/kontakt\/#breadcrumb\"},\"inLanguage\":\"nb-NO\",\"potentialAction\":[{\"@type\":\"ReadAction\",\"target\":[\"https:\/\/oveharderfinseth.no\/index.php\/kontakt\/\"]}]},{\"@type\":\"BreadcrumbList\",\"@id\":\"https:\/\/oveharderfinseth.no\/index.php\/kontakt\/#breadcrumb\",\"itemListElement\":[{\"@type\":\"ListItem\",\"position\":1,\"name\":\"Hjem\",\"item\":\"https:\/\/oveharderfinseth.no\/\"},{\"@type\":\"ListItem\",\"position\":2,\"name\":\"Kontakt\"}]},{\"@type\":\"WebSite\",\"@id\":\"https:\/\/oveharderfinseth.no\/#website\",\"url\":\"https:\/\/oveharderfinseth.no\/\",\"name\":\"Ove Harder Finseth\",\"description\":\"Designer\",\"publisher\":{\"@id\":\"https:\/\/oveharderfinseth.no\/#organization\"},\"potentialAction\":[{\"@type\":\"SearchAction\",\"target\":{\"@type\":\"EntryPoint\",\"urlTemplate\":\"https:\/\/oveharderfinseth.no\/?s={search_term_string}\"},\"query-input\":\"required name=search_term_string\"}],\"inLanguage\":\"nb-NO\"},{\"@type\":\"Organization\",\"@id\":\"https:\/\/oveharderfinseth.no\/#organization\",\"name\":\"Ove Harder Finseth\",\"url\":\"https:\/\/oveharderfinseth.no\/\",\"logo\":{\"@type\":\"ImageObject\",\"inLanguage\":\"nb-NO\",\"@id\":\"https:\/\/oveharderfinseth.no\/#\/schema\/logo\/image\/\",\"url\":\"https:\/\/oveharderfinseth.no\/wp-content\/uploads\/2023\/09\/cropped-cropped-logo.png\",\"contentUrl\":\"https:\/\/oveharderfinseth.no\/wp-content\/uploads\/2023\/09\/cropped-cropped-logo.png\",\"width\":1265,\"height\":250,\"caption\":\"Ove Harder Finseth\"},\"image\":{\"@id\":\"https:\/\/oveharderfinseth.no\/#\/schema\/logo\/image\/\"}}]}<\/script>\n<!-- \/ Yoast SEO plugin. -->","yoast_head_json":{"title":"Kontakt - Ove Harder Finseth","robots":{"index":"index","follow":"follow","max-snippet":"max-snippet:-1","max-image-preview":"max-image-preview:large","max-video-preview":"max-video-preview:-1"},"canonical":"https:\/\/oveharderfinseth.no\/index.php\/kontakt\/","og_locale":"nb_NO","og_type":"article","og_title":"Kontakt - Ove Harder Finseth","og_description":"Atelier Ove Harder FinsethBoltel\u00f8kka All\u00e9 10 &#8211; inngang fra Ullev\u00e5lsveien0454 Oslo Vis et st\u00f8rre kart Kontaktinformasjon Mobiltlf.: 411 02 227 E-post:&nbsp;ove@oveharderfinseth.no F\u00f8lg Ove p\u00e5 Facebook","og_url":"https:\/\/oveharderfinseth.no\/index.php\/kontakt\/","og_site_name":"Ove Harder Finseth","twitter_card":"summary_large_image","schema":{"@context":"https:\/\/schema.org","@graph":[{"@type":"WebPage","@id":"https:\/\/oveharderfinseth.no\/index.php\/kontakt\/","url":"https:\/\/oveharderfinseth.no\/index.php\/kontakt\/","name":"Kontakt - Ove Harder Finseth","isPartOf":{"@id":"https:\/\/oveharderfinseth.no\/#website"},"datePublished":"2019-08-16T09:09:49+00:00","dateModified":"2019-08-16T09:09:49+00:00","breadcrumb":{"@id":"https:\/\/oveharderfinseth.no\/index.php\/kontakt\/#breadcrumb"},"inLanguage":"nb-NO","potentialAction":[{"@type":"ReadAction","target":["https:\/\/oveharderfinseth.no\/index.php\/kontakt\/"]}]},{"@type":"BreadcrumbList","@id":"https:\/\/oveharderfinseth.no\/index.php\/kontakt\/#breadcrumb","itemListElement":[{"@type":"ListItem","position":1,"name":"Hjem","item":"https:\/\/oveharderfinseth.no\/"},{"@type":"ListItem","position":2,"name":"Kontakt"}]},{"@type":"WebSite","@id":"https:\/\/oveharderfinseth.no\/#website","url":"https:\/\/oveharderfinseth.no\/","name":"Ove Harder Finseth","description":"Designer","publisher":{"@id":"https:\/\/oveharderfinseth.no\/#organization"},"potentialAction":[{"@type":"SearchAction","target":{"@type":"EntryPoint","urlTemplate":"https:\/\/oveharderfinseth.no\/?s={search_term_string}"},"query-input":"required name=search_term_string"}],"inLanguage":"nb-NO"},{"@type":"Organization","@id":"https:\/\/oveharderfinseth.no\/#organization","name":"Ove Harder Finseth","url":"https:\/\/oveharderfinseth.no\/","logo":{"@type":"ImageObject","inLanguage":"nb-NO","@id":"https:\/\/oveharderfinseth.no\/#\/schema\/logo\/image\/","url":"https:\/\/oveharderfinseth.no\/wp-content\/uploads\/2023\/09\/cropped-cropped-logo.png","contentUrl":"https:\/\/oveharderfinseth.no\/wp-content\/uploads\/2023\/09\/cropped-cropped-logo.png","width":1265,"height":250,"caption":"Ove Harder Finseth"},"image":{"@id":"https:\/\/oveharderfinseth.no\/#\/schema\/logo\/image\/"}}]}},"_links":{"self":[{"href":"https:\/\/oveharderfinseth.no\/index.php\/wp-json\/wp\/v2\/pages\/74","targetHints":{"allow":["GET"]}}],"collection":[{"href":"https:\/\/oveharderfinseth.no\/index.php\/wp-json\/wp\/v2\/pages"}],"about":[{"href":"https:\/\/oveharderfinseth.no\/index.php\/wp-json\/wp\/v2\/types\/page"}],"author":[{"embeddable":true,"href":"https:\/\/oveharderfinseth.no\/index.php\/wp-json\/wp\/v2\/users\/1"}],"replies":[{"embeddable":true,"href":"https:\/\/oveharderfinseth.no\/index.php\/wp-json\/wp\/v2\/comments?post=74"}],"version-history":[{"count":0,"href":"https:\/\/oveharderfinseth.no\/index.php\/wp-json\/wp\/v2\/pages\/74\/revisions"}],"wp:featuredmedia":[{"embeddable":true,"href":"https:\/\/oveharderfinseth.no\/index.php\/wp-json\/wp\/v2\/media\/113"}],"wp:attachment":[{"href":"https:\/\/oveharderfinseth.no\/index.php\/wp-json\/wp\/v2\/media?parent=74"}],"curies":[{"name":"wp","href":"https:\/\/api.w.org\/{rel}","templated":true}]}}